{"id":5679,"date":"2025-12-28T15:30:44","date_gmt":"2025-12-28T14:30:44","guid":{"rendered":"https:\/\/boucherieargana.com\/?post_type=product&#038;p=5679"},"modified":"2025-12-28T15:30:44","modified_gmt":"2025-12-28T14:30:44","slug":"rfissa-au-poulet-6-personnes","status":"publish","type":"product","link":"https:\/\/boucherieargana.com\/index.php\/product\/rfissa-au-poulet-6-personnes\/","title":{"rendered":"Rfissa au poulet 6 personnes"},"content":{"rendered":"<p>Plat marocain traditionnel et g\u00e9n\u00e9reux, pr\u00e9par\u00e9 avec du poulet tendre mijot\u00e9 lentement dans un m\u00e9lange d\u2019\u00e9pices authentiques, lentilles fondantes et fenugrec (helba). Servie sur des feuilles de msemen finement d\u00e9coup\u00e9es, notre rfissa au poulet offre des saveurs riches et r\u00e9confortantes, parfaites pour les repas en famille ou les grandes occasions.<\/p>\n","protected":false},"excerpt":{"rendered":"<p>Plat marocain traditionnel et g\u00e9n\u00e9reux, pr\u00e9par\u00e9 avec du poulet tendre mijot\u00e9 lentement dans un m\u00e9lange d\u2019\u00e9pices authentiques, lentilles fondantes et fenugrec (helba). Servie sur des feuilles de msemen finement d\u00e9coup\u00e9es, notre rfissa au poulet offre des saveurs riches et r\u00e9confortantes, parfaites pour les repas en famille ou les grandes occasions.<\/p>\n","protected":false},"featured_media":5680,"comment_status":"open","ping_status":"closed","template":"","meta":[],"product_cat":[67],"product_tag":[],"class_list":{"0":"post-5679","1":"product","2":"type-product","3":"status-publish","4":"has-post-thumbnail","6":"product_cat-plats-marocains","8":"first","9":"instock","10":"shipping-taxable","11":"purchasable","12":"product-type-simple"},"jetpack_sharing_enabled":true,"_links":{"self":[{"href":"https:\/\/boucherieargana.com\/index.php\/wp-json\/wp\/v2\/product\/5679","targetHints":{"allow":["GET"]}}],"collection":[{"href":"https:\/\/boucherieargana.com\/index.php\/wp-json\/wp\/v2\/product"}],"about":[{"href":"https:\/\/boucherieargana.com\/index.php\/wp-json\/wp\/v2\/types\/product"}],"replies":[{"embeddable":true,"href":"https:\/\/boucherieargana.com\/index.php\/wp-json\/wp\/v2\/comments?post=5679"}],"wp:featuredmedia":[{"embeddable":true,"href":"https:\/\/boucherieargana.com\/index.php\/wp-json\/wp\/v2\/media\/5680"}],"wp:attachment":[{"href":"https:\/\/boucherieargana.com\/index.php\/wp-json\/wp\/v2\/media?parent=5679"}],"wp:term":[{"taxonomy":"product_cat","embeddable":true,"href":"https:\/\/boucherieargana.com\/index.php\/wp-json\/wp\/v2\/product_cat?post=5679"},{"taxonomy":"product_tag","embeddable":true,"href":"https:\/\/boucherieargana.com\/index.php\/wp-json\/wp\/v2\/product_tag?post=5679"}],"curies":[{"name":"wp","href":"https:\/\/api.w.org\/{rel}","templated":true}]}}