{"id":5358,"date":"2025-05-07T14:47:59","date_gmt":"2025-05-07T12:47:59","guid":{"rendered":"https:\/\/boucherieargana.com\/?post_type=product&#038;p=5358"},"modified":"2025-05-07T14:47:59","modified_gmt":"2025-05-07T12:47:59","slug":"merguez-de-veau-blanc","status":"publish","type":"product","link":"https:\/\/boucherieargana.com\/index.php\/product\/merguez-de-veau-blanc\/","title":{"rendered":"Merguez de veau blanc"},"content":{"rendered":"<p class=\"\" data-start=\"63\" data-end=\"401\">Saucisse fine et d\u00e9licate \u00e9labor\u00e9e \u00e0 partir de viande de veau s\u00e9lectionn\u00e9e, la merguez de veau blanc offre une alternative plus douce \u00e0 la merguez traditionnelle. Faiblement \u00e9pic\u00e9e, sa chair claire et tendre s\u00e9duit par son go\u00fbt raffin\u00e9, id\u00e9ale pour les enfants ou ceux qui pr\u00e9f\u00e8rent des saveurs moins relev\u00e9es.<\/p>\n","protected":false},"excerpt":{"rendered":"<p>Saucisse fine et d\u00e9licate \u00e9labor\u00e9e \u00e0 partir de viande de veau s\u00e9lectionn\u00e9e, la merguez de veau blanc offre une alternative plus douce \u00e0 la merguez traditionnelle. Faiblement \u00e9pic\u00e9e, sa chair claire et tendre s\u00e9duit par son go\u00fbt raffin\u00e9, id\u00e9ale pour les enfants ou ceux qui pr\u00e9f\u00e8rent des saveurs moins relev\u00e9es.<\/p>\n","protected":false},"featured_media":5359,"comment_status":"open","ping_status":"closed","template":"","meta":[],"product_cat":[63],"product_tag":[],"class_list":{"0":"post-5358","1":"product","2":"type-product","3":"status-publish","4":"has-post-thumbnail","6":"product_cat-veau-blanc","8":"first","9":"instock","10":"shipping-taxable","11":"purchasable","12":"product-type-simple"},"jetpack_sharing_enabled":true,"_links":{"self":[{"href":"https:\/\/boucherieargana.com\/index.php\/wp-json\/wp\/v2\/product\/5358","targetHints":{"allow":["GET"]}}],"collection":[{"href":"https:\/\/boucherieargana.com\/index.php\/wp-json\/wp\/v2\/product"}],"about":[{"href":"https:\/\/boucherieargana.com\/index.php\/wp-json\/wp\/v2\/types\/product"}],"replies":[{"embeddable":true,"href":"https:\/\/boucherieargana.com\/index.php\/wp-json\/wp\/v2\/comments?post=5358"}],"wp:featuredmedia":[{"embeddable":true,"href":"https:\/\/boucherieargana.com\/index.php\/wp-json\/wp\/v2\/media\/5359"}],"wp:attachment":[{"href":"https:\/\/boucherieargana.com\/index.php\/wp-json\/wp\/v2\/media?parent=5358"}],"wp:term":[{"taxonomy":"product_cat","embeddable":true,"href":"https:\/\/boucherieargana.com\/index.php\/wp-json\/wp\/v2\/product_cat?post=5358"},{"taxonomy":"product_tag","embeddable":true,"href":"https:\/\/boucherieargana.com\/index.php\/wp-json\/wp\/v2\/product_tag?post=5358"}],"curies":[{"name":"wp","href":"https:\/\/api.w.org\/{rel}","templated":true}]}}