{"id":5278,"date":"2025-04-05T21:50:19","date_gmt":"2025-04-05T19:50:19","guid":{"rendered":"https:\/\/boucherieargana.com\/?post_type=product&#038;p=5278"},"modified":"2025-05-07T14:41:13","modified_gmt":"2025-05-07T12:41:13","slug":"cuisse-de-poulet","status":"publish","type":"product","link":"https:\/\/boucherieargana.com\/index.php\/product\/cuisse-de-poulet\/","title":{"rendered":"Cuisse de poulet"},"content":{"rendered":"<p>La cuisse de poulet est une pi\u00e8ce de viande provenant de la partie sup\u00e9rieure de la patte du poulet. Elle est g\u00e9n\u00e9ralement plus charnue et savoureuse que d&rsquo;autres morceaux, avec une texture tendre et juteuse. La cuisse de poulet peut \u00eatre cuisin\u00e9e de diverses fa\u00e7ons, que ce soit r\u00f4tie, grill\u00e9e, en sauce ou brais\u00e9e. Elle est parfaite pour les plats familiaux et les recettes qui n\u00e9cessitent une cuisson longue, permettant \u00e0 la viande de se d\u00e9tacher facilement de l&rsquo;os. C&rsquo;est un choix populaire pour les repas copieux et gourmands.<\/p>\n","protected":false},"excerpt":{"rendered":"<p>La cuisse de poulet est une pi\u00e8ce de viande provenant de la partie sup\u00e9rieure de la patte du poulet. Elle est g\u00e9n\u00e9ralement plus charnue et savoureuse que d&rsquo;autres morceaux, avec une texture tendre et juteuse. La cuisse de poulet peut \u00eatre cuisin\u00e9e de diverses fa\u00e7ons, que ce soit r\u00f4tie, grill\u00e9e, en sauce ou brais\u00e9e. Elle [&hellip;]<\/p>\n","protected":false},"featured_media":5279,"comment_status":"open","ping_status":"closed","template":"","meta":[],"product_cat":[39],"product_tag":[],"class_list":{"0":"post-5278","1":"product","2":"type-product","3":"status-publish","4":"has-post-thumbnail","6":"product_cat-viandes-blanches","8":"first","9":"instock","10":"shipping-taxable","11":"purchasable","12":"product-type-simple"},"jetpack_sharing_enabled":true,"_links":{"self":[{"href":"https:\/\/boucherieargana.com\/index.php\/wp-json\/wp\/v2\/product\/5278","targetHints":{"allow":["GET"]}}],"collection":[{"href":"https:\/\/boucherieargana.com\/index.php\/wp-json\/wp\/v2\/product"}],"about":[{"href":"https:\/\/boucherieargana.com\/index.php\/wp-json\/wp\/v2\/types\/product"}],"replies":[{"embeddable":true,"href":"https:\/\/boucherieargana.com\/index.php\/wp-json\/wp\/v2\/comments?post=5278"}],"wp:featuredmedia":[{"embeddable":true,"href":"https:\/\/boucherieargana.com\/index.php\/wp-json\/wp\/v2\/media\/5279"}],"wp:attachment":[{"href":"https:\/\/boucherieargana.com\/index.php\/wp-json\/wp\/v2\/media?parent=5278"}],"wp:term":[{"taxonomy":"product_cat","embeddable":true,"href":"https:\/\/boucherieargana.com\/index.php\/wp-json\/wp\/v2\/product_cat?post=5278"},{"taxonomy":"product_tag","embeddable":true,"href":"https:\/\/boucherieargana.com\/index.php\/wp-json\/wp\/v2\/product_tag?post=5278"}],"curies":[{"name":"wp","href":"https:\/\/api.w.org\/{rel}","templated":true}]}}