{"id":5268,"date":"2025-04-05T21:34:22","date_gmt":"2025-04-05T19:34:22","guid":{"rendered":"https:\/\/boucherieargana.com\/?post_type=product&#038;p=5268"},"modified":"2025-04-08T04:01:59","modified_gmt":"2025-04-08T02:01:59","slug":"poulet-fermier-francais-label-rouge","status":"publish","type":"product","link":"https:\/\/boucherieargana.com\/index.php\/product\/poulet-fermier-francais-label-rouge\/","title":{"rendered":"Poulet fermier fran\u00e7ais label rouge"},"content":{"rendered":"<p>\u00c9lev\u00e9 en plein air dans le respect des traditions, le poulet fermier fran\u00e7ais Label Rouge se distingue par sa chair ferme, juteuse et savoureuse. Garanti 100% origine France, il est le choix id\u00e9al pour une cuisine authentique et de qualit\u00e9 sup\u00e9rieure.<\/p>\n","protected":false},"excerpt":{"rendered":"<p>\u00c9lev\u00e9 en plein air dans le respect des traditions, le poulet fermier fran\u00e7ais Label Rouge se distingue par sa chair ferme, juteuse et savoureuse. Garanti 100% origine France, il est le choix id\u00e9al pour une cuisine authentique et de qualit\u00e9 sup\u00e9rieure.<\/p>\n","protected":false},"featured_media":5329,"comment_status":"open","ping_status":"closed","template":"","meta":[],"product_cat":[39],"product_tag":[],"class_list":{"0":"post-5268","1":"product","2":"type-product","3":"status-publish","4":"has-post-thumbnail","6":"product_cat-viandes-blanches","8":"first","9":"instock","10":"shipping-taxable","11":"purchasable","12":"product-type-simple"},"jetpack_sharing_enabled":true,"_links":{"self":[{"href":"https:\/\/boucherieargana.com\/index.php\/wp-json\/wp\/v2\/product\/5268","targetHints":{"allow":["GET"]}}],"collection":[{"href":"https:\/\/boucherieargana.com\/index.php\/wp-json\/wp\/v2\/product"}],"about":[{"href":"https:\/\/boucherieargana.com\/index.php\/wp-json\/wp\/v2\/types\/product"}],"replies":[{"embeddable":true,"href":"https:\/\/boucherieargana.com\/index.php\/wp-json\/wp\/v2\/comments?post=5268"}],"wp:featuredmedia":[{"embeddable":true,"href":"https:\/\/boucherieargana.com\/index.php\/wp-json\/wp\/v2\/media\/5329"}],"wp:attachment":[{"href":"https:\/\/boucherieargana.com\/index.php\/wp-json\/wp\/v2\/media?parent=5268"}],"wp:term":[{"taxonomy":"product_cat","embeddable":true,"href":"https:\/\/boucherieargana.com\/index.php\/wp-json\/wp\/v2\/product_cat?post=5268"},{"taxonomy":"product_tag","embeddable":true,"href":"https:\/\/boucherieargana.com\/index.php\/wp-json\/wp\/v2\/product_tag?post=5268"}],"curies":[{"name":"wp","href":"https:\/\/api.w.org\/{rel}","templated":true}]}}