{"id":5267,"date":"2025-04-05T21:31:42","date_gmt":"2025-04-05T19:31:42","guid":{"rendered":"https:\/\/boucherieargana.com\/?post_type=product&#038;p=5267"},"modified":"2025-04-08T03:57:25","modified_gmt":"2025-04-08T01:57:25","slug":"filet-de-poulet-bien-etre-animal-origine-france","status":"publish","type":"product","link":"https:\/\/boucherieargana.com\/index.php\/product\/filet-de-poulet-bien-etre-animal-origine-france\/","title":{"rendered":"Filet de poulet Bien-\u00catre Animal \u2013 origine France"},"content":{"rendered":"<p>Ce filet de poulet origine France, issu d\u2019un \u00e9levage respectueux du bien-\u00eatre animal, offre une viande tendre, savoureuse et naturellement riche en go\u00fbt. \u00c9lev\u00e9 dans des conditions optimales, il est id\u00e9al pour une cuisine saine, \u00e9thique et gourmande.<\/p>\n","protected":false},"excerpt":{"rendered":"<p>Ce filet de poulet origine France, issu d\u2019un \u00e9levage respectueux du bien-\u00eatre animal, offre une viande tendre, savoureuse et naturellement riche en go\u00fbt. \u00c9lev\u00e9 dans des conditions optimales, il est id\u00e9al pour une cuisine saine, \u00e9thique et gourmande.<\/p>\n","protected":false},"featured_media":5327,"comment_status":"open","ping_status":"closed","template":"","meta":[],"product_cat":[39],"product_tag":[],"class_list":{"0":"post-5267","1":"product","2":"type-product","3":"status-publish","4":"has-post-thumbnail","6":"product_cat-viandes-blanches","8":"first","9":"instock","10":"shipping-taxable","11":"purchasable","12":"product-type-simple"},"jetpack_sharing_enabled":true,"_links":{"self":[{"href":"https:\/\/boucherieargana.com\/index.php\/wp-json\/wp\/v2\/product\/5267","targetHints":{"allow":["GET"]}}],"collection":[{"href":"https:\/\/boucherieargana.com\/index.php\/wp-json\/wp\/v2\/product"}],"about":[{"href":"https:\/\/boucherieargana.com\/index.php\/wp-json\/wp\/v2\/types\/product"}],"replies":[{"embeddable":true,"href":"https:\/\/boucherieargana.com\/index.php\/wp-json\/wp\/v2\/comments?post=5267"}],"wp:featuredmedia":[{"embeddable":true,"href":"https:\/\/boucherieargana.com\/index.php\/wp-json\/wp\/v2\/media\/5327"}],"wp:attachment":[{"href":"https:\/\/boucherieargana.com\/index.php\/wp-json\/wp\/v2\/media?parent=5267"}],"wp:term":[{"taxonomy":"product_cat","embeddable":true,"href":"https:\/\/boucherieargana.com\/index.php\/wp-json\/wp\/v2\/product_cat?post=5267"},{"taxonomy":"product_tag","embeddable":true,"href":"https:\/\/boucherieargana.com\/index.php\/wp-json\/wp\/v2\/product_tag?post=5267"}],"curies":[{"name":"wp","href":"https:\/\/api.w.org\/{rel}","templated":true}]}}