{"id":5265,"date":"2025-04-05T21:29:03","date_gmt":"2025-04-05T19:29:03","guid":{"rendered":"https:\/\/boucherieargana.com\/?post_type=product&#038;p=5265"},"modified":"2025-04-05T21:43:44","modified_gmt":"2025-04-05T19:43:44","slug":"filet-de-poulet","status":"publish","type":"product","link":"https:\/\/boucherieargana.com\/index.php\/product\/filet-de-poulet\/","title":{"rendered":"Filet de poulet"},"content":{"rendered":"<p>Le filet de poulet est une viande maigre, tendre et polyvalente. Facile \u00e0 cuisiner, il convient aussi bien aux grillades, saut\u00e9s, pan\u00e9s ou plats en sauce. Sa chair d\u00e9licate pla\u00eet autant aux petits qu\u2019aux grands.<\/p>\n","protected":false},"excerpt":{"rendered":"<p>Le filet de poulet est une viande maigre, tendre et polyvalente. Facile \u00e0 cuisiner, il convient aussi bien aux grillades, saut\u00e9s, pan\u00e9s ou plats en sauce. Sa chair d\u00e9licate pla\u00eet autant aux petits qu\u2019aux grands.<\/p>\n","protected":false},"featured_media":5273,"comment_status":"open","ping_status":"closed","template":"","meta":[],"product_cat":[39],"product_tag":[],"class_list":{"0":"post-5265","1":"product","2":"type-product","3":"status-publish","4":"has-post-thumbnail","6":"product_cat-viandes-blanches","8":"first","9":"instock","10":"shipping-taxable","11":"purchasable","12":"product-type-simple"},"jetpack_sharing_enabled":true,"_links":{"self":[{"href":"https:\/\/boucherieargana.com\/index.php\/wp-json\/wp\/v2\/product\/5265","targetHints":{"allow":["GET"]}}],"collection":[{"href":"https:\/\/boucherieargana.com\/index.php\/wp-json\/wp\/v2\/product"}],"about":[{"href":"https:\/\/boucherieargana.com\/index.php\/wp-json\/wp\/v2\/types\/product"}],"replies":[{"embeddable":true,"href":"https:\/\/boucherieargana.com\/index.php\/wp-json\/wp\/v2\/comments?post=5265"}],"wp:featuredmedia":[{"embeddable":true,"href":"https:\/\/boucherieargana.com\/index.php\/wp-json\/wp\/v2\/media\/5273"}],"wp:attachment":[{"href":"https:\/\/boucherieargana.com\/index.php\/wp-json\/wp\/v2\/media?parent=5265"}],"wp:term":[{"taxonomy":"product_cat","embeddable":true,"href":"https:\/\/boucherieargana.com\/index.php\/wp-json\/wp\/v2\/product_cat?post=5265"},{"taxonomy":"product_tag","embeddable":true,"href":"https:\/\/boucherieargana.com\/index.php\/wp-json\/wp\/v2\/product_tag?post=5265"}],"curies":[{"name":"wp","href":"https:\/\/api.w.org\/{rel}","templated":true}]}}