{"id":5253,"date":"2025-04-05T21:07:27","date_gmt":"2025-04-05T19:07:27","guid":{"rendered":"https:\/\/boucherieargana.com\/?post_type=product&#038;p=5253"},"modified":"2025-05-02T15:12:52","modified_gmt":"2025-05-02T13:12:52","slug":"blanquette-de-veau-avec-os","status":"publish","type":"product","link":"https:\/\/boucherieargana.com\/index.php\/product\/blanquette-de-veau-avec-os\/","title":{"rendered":"Blanquette de veau avec os"},"content":{"rendered":"<p>La blanquette de veau avec os offre une viande tendre et savoureuse, enrichie par la pr\u00e9sence de l\u2019os qui apporte encore plus de go\u00fbt lors de la cuisson. Id\u00e9ale pour les plats mijot\u00e9s traditionnels, elle garantit une sauce riche et parfum\u00e9e.<\/p>\n","protected":false},"excerpt":{"rendered":"<p>La blanquette de veau avec os offre une viande tendre et savoureuse, enrichie par la pr\u00e9sence de l\u2019os qui apporte encore plus de go\u00fbt lors de la cuisson. Id\u00e9ale pour les plats mijot\u00e9s traditionnels, elle garantit une sauce riche et parfum\u00e9e.<\/p>\n","protected":false},"featured_media":5254,"comment_status":"open","ping_status":"closed","template":"","meta":[],"product_cat":[63],"product_tag":[],"class_list":{"0":"post-5253","1":"product","2":"type-product","3":"status-publish","4":"has-post-thumbnail","6":"product_cat-veau-blanc","8":"first","9":"instock","10":"shipping-taxable","11":"purchasable","12":"product-type-simple"},"jetpack_sharing_enabled":true,"_links":{"self":[{"href":"https:\/\/boucherieargana.com\/index.php\/wp-json\/wp\/v2\/product\/5253","targetHints":{"allow":["GET"]}}],"collection":[{"href":"https:\/\/boucherieargana.com\/index.php\/wp-json\/wp\/v2\/product"}],"about":[{"href":"https:\/\/boucherieargana.com\/index.php\/wp-json\/wp\/v2\/types\/product"}],"replies":[{"embeddable":true,"href":"https:\/\/boucherieargana.com\/index.php\/wp-json\/wp\/v2\/comments?post=5253"}],"wp:featuredmedia":[{"embeddable":true,"href":"https:\/\/boucherieargana.com\/index.php\/wp-json\/wp\/v2\/media\/5254"}],"wp:attachment":[{"href":"https:\/\/boucherieargana.com\/index.php\/wp-json\/wp\/v2\/media?parent=5253"}],"wp:term":[{"taxonomy":"product_cat","embeddable":true,"href":"https:\/\/boucherieargana.com\/index.php\/wp-json\/wp\/v2\/product_cat?post=5253"},{"taxonomy":"product_tag","embeddable":true,"href":"https:\/\/boucherieargana.com\/index.php\/wp-json\/wp\/v2\/product_tag?post=5253"}],"curies":[{"name":"wp","href":"https:\/\/api.w.org\/{rel}","templated":true}]}}