{"id":5251,"date":"2025-04-05T15:45:33","date_gmt":"2025-04-05T13:45:33","guid":{"rendered":"https:\/\/boucherieargana.com\/?post_type=product&#038;p=5251"},"modified":"2025-05-02T15:13:00","modified_gmt":"2025-05-02T13:13:00","slug":"blanquette-de-veau-sans-os","status":"publish","type":"product","link":"https:\/\/boucherieargana.com\/index.php\/product\/blanquette-de-veau-sans-os\/","title":{"rendered":"Blanquette de veau sans os"},"content":{"rendered":"<p>La blanquette de veau sans os est une s\u00e9lection de morceaux tendres et maigres, id\u00e9ale pour r\u00e9aliser le c\u00e9l\u00e8bre plat traditionnel fran\u00e7ais. Facile \u00e0 cuisiner et fondante apr\u00e8s cuisson, elle garantit une sauce onctueuse et savoureuse \u00e0 chaque bouch\u00e9e.<\/p>\n","protected":false},"excerpt":{"rendered":"<p>La blanquette de veau sans os est une s\u00e9lection de morceaux tendres et maigres, id\u00e9ale pour r\u00e9aliser le c\u00e9l\u00e8bre plat traditionnel fran\u00e7ais. Facile \u00e0 cuisiner et fondante apr\u00e8s cuisson, elle garantit une sauce onctueuse et savoureuse \u00e0 chaque bouch\u00e9e.<\/p>\n","protected":false},"featured_media":5252,"comment_status":"open","ping_status":"closed","template":"","meta":[],"product_cat":[63],"product_tag":[],"class_list":{"0":"post-5251","1":"product","2":"type-product","3":"status-publish","4":"has-post-thumbnail","6":"product_cat-veau-blanc","8":"first","9":"instock","10":"shipping-taxable","11":"purchasable","12":"product-type-simple"},"jetpack_sharing_enabled":true,"_links":{"self":[{"href":"https:\/\/boucherieargana.com\/index.php\/wp-json\/wp\/v2\/product\/5251","targetHints":{"allow":["GET"]}}],"collection":[{"href":"https:\/\/boucherieargana.com\/index.php\/wp-json\/wp\/v2\/product"}],"about":[{"href":"https:\/\/boucherieargana.com\/index.php\/wp-json\/wp\/v2\/types\/product"}],"replies":[{"embeddable":true,"href":"https:\/\/boucherieargana.com\/index.php\/wp-json\/wp\/v2\/comments?post=5251"}],"wp:featuredmedia":[{"embeddable":true,"href":"https:\/\/boucherieargana.com\/index.php\/wp-json\/wp\/v2\/media\/5252"}],"wp:attachment":[{"href":"https:\/\/boucherieargana.com\/index.php\/wp-json\/wp\/v2\/media?parent=5251"}],"wp:term":[{"taxonomy":"product_cat","embeddable":true,"href":"https:\/\/boucherieargana.com\/index.php\/wp-json\/wp\/v2\/product_cat?post=5251"},{"taxonomy":"product_tag","embeddable":true,"href":"https:\/\/boucherieargana.com\/index.php\/wp-json\/wp\/v2\/product_tag?post=5251"}],"curies":[{"name":"wp","href":"https:\/\/api.w.org\/{rel}","templated":true}]}}