{"id":5247,"date":"2025-04-05T15:43:35","date_gmt":"2025-04-05T13:43:35","guid":{"rendered":"https:\/\/boucherieargana.com\/?post_type=product&#038;p=5247"},"modified":"2025-05-02T15:13:10","modified_gmt":"2025-05-02T13:13:10","slug":"la-noix-patissiere-de-veau-blanc","status":"publish","type":"product","link":"https:\/\/boucherieargana.com\/index.php\/product\/la-noix-patissiere-de-veau-blanc\/","title":{"rendered":"La noix p\u00e2tissi\u00e8re de veau blanc"},"content":{"rendered":"<p>La noix p\u00e2tissi\u00e8re de veau blanc est une pi\u00e8ce fine et fondante, situ\u00e9e \u00e0 l\u2019arri\u00e8re de la cuisse. Tr\u00e8s tendre et pauvre en gras, elle est parfaite pour les r\u00f4tis, les escalopes ou les plats en sauce. Sa qualit\u00e9 en fait un morceau tr\u00e8s appr\u00e9ci\u00e9 en cuisine traditionnelle et gastronomique.<\/p>\n","protected":false},"excerpt":{"rendered":"<p>La noix p\u00e2tissi\u00e8re de veau blanc est une pi\u00e8ce fine et fondante, situ\u00e9e \u00e0 l\u2019arri\u00e8re de la cuisse. Tr\u00e8s tendre et pauvre en gras, elle est parfaite pour les r\u00f4tis, les escalopes ou les plats en sauce. Sa qualit\u00e9 en fait un morceau tr\u00e8s appr\u00e9ci\u00e9 en cuisine traditionnelle et gastronomique.<\/p>\n","protected":false},"featured_media":5335,"comment_status":"open","ping_status":"closed","template":"","meta":[],"product_cat":[63],"product_tag":[],"class_list":{"0":"post-5247","1":"product","2":"type-product","3":"status-publish","4":"has-post-thumbnail","6":"product_cat-veau-blanc","8":"first","9":"instock","10":"shipping-taxable","11":"purchasable","12":"product-type-simple"},"jetpack_sharing_enabled":true,"_links":{"self":[{"href":"https:\/\/boucherieargana.com\/index.php\/wp-json\/wp\/v2\/product\/5247","targetHints":{"allow":["GET"]}}],"collection":[{"href":"https:\/\/boucherieargana.com\/index.php\/wp-json\/wp\/v2\/product"}],"about":[{"href":"https:\/\/boucherieargana.com\/index.php\/wp-json\/wp\/v2\/types\/product"}],"replies":[{"embeddable":true,"href":"https:\/\/boucherieargana.com\/index.php\/wp-json\/wp\/v2\/comments?post=5247"}],"wp:featuredmedia":[{"embeddable":true,"href":"https:\/\/boucherieargana.com\/index.php\/wp-json\/wp\/v2\/media\/5335"}],"wp:attachment":[{"href":"https:\/\/boucherieargana.com\/index.php\/wp-json\/wp\/v2\/media?parent=5247"}],"wp:term":[{"taxonomy":"product_cat","embeddable":true,"href":"https:\/\/boucherieargana.com\/index.php\/wp-json\/wp\/v2\/product_cat?post=5247"},{"taxonomy":"product_tag","embeddable":true,"href":"https:\/\/boucherieargana.com\/index.php\/wp-json\/wp\/v2\/product_tag?post=5247"}],"curies":[{"name":"wp","href":"https:\/\/api.w.org\/{rel}","templated":true}]}}