{"id":5243,"date":"2025-04-05T15:38:07","date_gmt":"2025-04-05T13:38:07","guid":{"rendered":"https:\/\/boucherieargana.com\/?post_type=product&#038;p=5243"},"modified":"2025-05-02T15:13:32","modified_gmt":"2025-05-02T13:13:32","slug":"faux-filet-de-veau-blanc","status":"publish","type":"product","link":"https:\/\/boucherieargana.com\/index.php\/product\/faux-filet-de-veau-blanc\/","title":{"rendered":"Faux filet de veau blanc"},"content":{"rendered":"<p>Le faux-filet de veau blanc est une pi\u00e8ce tendre et d\u00e9licatement persill\u00e9e, parfaite pour une cuisson rapide \u00e0 la po\u00eale ou au grill. Sa finesse et son go\u00fbt subtil en font un morceau de choix pour les amateurs de viande tendre et savoureuse.<\/p>\n","protected":false},"excerpt":{"rendered":"<p>Le faux-filet de veau blanc est une pi\u00e8ce tendre et d\u00e9licatement persill\u00e9e, parfaite pour une cuisson rapide \u00e0 la po\u00eale ou au grill. Sa finesse et son go\u00fbt subtil en font un morceau de choix pour les amateurs de viande tendre et savoureuse.<\/p>\n","protected":false},"featured_media":5331,"comment_status":"open","ping_status":"closed","template":"","meta":[],"product_cat":[63],"product_tag":[],"class_list":{"0":"post-5243","1":"product","2":"type-product","3":"status-publish","4":"has-post-thumbnail","6":"product_cat-veau-blanc","8":"first","9":"instock","10":"shipping-taxable","11":"purchasable","12":"product-type-simple"},"jetpack_sharing_enabled":true,"_links":{"self":[{"href":"https:\/\/boucherieargana.com\/index.php\/wp-json\/wp\/v2\/product\/5243","targetHints":{"allow":["GET"]}}],"collection":[{"href":"https:\/\/boucherieargana.com\/index.php\/wp-json\/wp\/v2\/product"}],"about":[{"href":"https:\/\/boucherieargana.com\/index.php\/wp-json\/wp\/v2\/types\/product"}],"replies":[{"embeddable":true,"href":"https:\/\/boucherieargana.com\/index.php\/wp-json\/wp\/v2\/comments?post=5243"}],"wp:featuredmedia":[{"embeddable":true,"href":"https:\/\/boucherieargana.com\/index.php\/wp-json\/wp\/v2\/media\/5331"}],"wp:attachment":[{"href":"https:\/\/boucherieargana.com\/index.php\/wp-json\/wp\/v2\/media?parent=5243"}],"wp:term":[{"taxonomy":"product_cat","embeddable":true,"href":"https:\/\/boucherieargana.com\/index.php\/wp-json\/wp\/v2\/product_cat?post=5243"},{"taxonomy":"product_tag","embeddable":true,"href":"https:\/\/boucherieargana.com\/index.php\/wp-json\/wp\/v2\/product_tag?post=5243"}],"curies":[{"name":"wp","href":"https:\/\/api.w.org\/{rel}","templated":true}]}}