{"id":5238,"date":"2025-04-05T15:32:19","date_gmt":"2025-04-05T13:32:19","guid":{"rendered":"https:\/\/boucherieargana.com\/?post_type=product&#038;p=5238"},"modified":"2025-05-02T15:13:59","modified_gmt":"2025-05-02T13:13:59","slug":"tenderon-de-veau-blanc","status":"publish","type":"product","link":"https:\/\/boucherieargana.com\/index.php\/product\/tenderon-de-veau-blanc\/","title":{"rendered":"Tenderon de veau blanc"},"content":{"rendered":"<p>Le tenderon de veau blanc est une pi\u00e8ce moelleuse et l\u00e9g\u00e8rement entrelard\u00e9e, id\u00e9ale pour les plats mijot\u00e9s ou grill\u00e9s. Sa tendret\u00e9 et son go\u00fbt d\u00e9licat en font un choix appr\u00e9ci\u00e9 pour une cuisine traditionnelle pleine de saveurs.<\/p>\n","protected":false},"excerpt":{"rendered":"<p>Le tenderon de veau blanc est une pi\u00e8ce moelleuse et l\u00e9g\u00e8rement entrelard\u00e9e, id\u00e9ale pour les plats mijot\u00e9s ou grill\u00e9s. Sa tendret\u00e9 et son go\u00fbt d\u00e9licat en font un choix appr\u00e9ci\u00e9 pour une cuisine traditionnelle pleine de saveurs.<\/p>\n","protected":false},"featured_media":5240,"comment_status":"open","ping_status":"closed","template":"","meta":[],"product_cat":[63],"product_tag":[],"class_list":{"0":"post-5238","1":"product","2":"type-product","3":"status-publish","4":"has-post-thumbnail","6":"product_cat-veau-blanc","8":"first","9":"instock","10":"shipping-taxable","11":"purchasable","12":"product-type-simple"},"jetpack_sharing_enabled":true,"_links":{"self":[{"href":"https:\/\/boucherieargana.com\/index.php\/wp-json\/wp\/v2\/product\/5238","targetHints":{"allow":["GET"]}}],"collection":[{"href":"https:\/\/boucherieargana.com\/index.php\/wp-json\/wp\/v2\/product"}],"about":[{"href":"https:\/\/boucherieargana.com\/index.php\/wp-json\/wp\/v2\/types\/product"}],"replies":[{"embeddable":true,"href":"https:\/\/boucherieargana.com\/index.php\/wp-json\/wp\/v2\/comments?post=5238"}],"wp:featuredmedia":[{"embeddable":true,"href":"https:\/\/boucherieargana.com\/index.php\/wp-json\/wp\/v2\/media\/5240"}],"wp:attachment":[{"href":"https:\/\/boucherieargana.com\/index.php\/wp-json\/wp\/v2\/media?parent=5238"}],"wp:term":[{"taxonomy":"product_cat","embeddable":true,"href":"https:\/\/boucherieargana.com\/index.php\/wp-json\/wp\/v2\/product_cat?post=5238"},{"taxonomy":"product_tag","embeddable":true,"href":"https:\/\/boucherieargana.com\/index.php\/wp-json\/wp\/v2\/product_tag?post=5238"}],"curies":[{"name":"wp","href":"https:\/\/api.w.org\/{rel}","templated":true}]}}