{"id":5236,"date":"2025-04-05T04:18:32","date_gmt":"2025-04-05T02:18:32","guid":{"rendered":"https:\/\/boucherieargana.com\/?post_type=product&#038;p=5236"},"modified":"2025-10-20T20:09:53","modified_gmt":"2025-10-20T18:09:53","slug":"jarret-sans-os-de-veau-blanc","status":"publish","type":"product","link":"https:\/\/boucherieargana.com\/index.php\/product\/jarret-sans-os-de-veau-blanc\/","title":{"rendered":"Jarret sans os de veau blanc"},"content":{"rendered":"<p>Le jarret sans os de veau blanc est une viande savoureuse et l\u00e9g\u00e8rement g\u00e9latineuse, parfaite pour les plats mijot\u00e9s. Tendre \u00e0 la cuisson, il apporte du fondant et du go\u00fbt aux recettes comme les rago\u00fbts, tajines ou blanquettes.<\/p>\n","protected":false},"excerpt":{"rendered":"<p>Le jarret sans os de veau blanc est une viande savoureuse et l\u00e9g\u00e8rement g\u00e9latineuse, parfaite pour les plats mijot\u00e9s. Tendre \u00e0 la cuisson, il apporte du fondant et du go\u00fbt aux recettes comme les rago\u00fbts, tajines ou blanquettes.<\/p>\n","protected":false},"featured_media":5333,"comment_status":"open","ping_status":"closed","template":"","meta":[],"product_cat":[63],"product_tag":[],"class_list":{"0":"post-5236","1":"product","2":"type-product","3":"status-publish","4":"has-post-thumbnail","6":"product_cat-veau-blanc","8":"first","9":"instock","10":"shipping-taxable","11":"purchasable","12":"product-type-simple"},"jetpack_sharing_enabled":true,"_links":{"self":[{"href":"https:\/\/boucherieargana.com\/index.php\/wp-json\/wp\/v2\/product\/5236","targetHints":{"allow":["GET"]}}],"collection":[{"href":"https:\/\/boucherieargana.com\/index.php\/wp-json\/wp\/v2\/product"}],"about":[{"href":"https:\/\/boucherieargana.com\/index.php\/wp-json\/wp\/v2\/types\/product"}],"replies":[{"embeddable":true,"href":"https:\/\/boucherieargana.com\/index.php\/wp-json\/wp\/v2\/comments?post=5236"}],"wp:featuredmedia":[{"embeddable":true,"href":"https:\/\/boucherieargana.com\/index.php\/wp-json\/wp\/v2\/media\/5333"}],"wp:attachment":[{"href":"https:\/\/boucherieargana.com\/index.php\/wp-json\/wp\/v2\/media?parent=5236"}],"wp:term":[{"taxonomy":"product_cat","embeddable":true,"href":"https:\/\/boucherieargana.com\/index.php\/wp-json\/wp\/v2\/product_cat?post=5236"},{"taxonomy":"product_tag","embeddable":true,"href":"https:\/\/boucherieargana.com\/index.php\/wp-json\/wp\/v2\/product_tag?post=5236"}],"curies":[{"name":"wp","href":"https:\/\/api.w.org\/{rel}","templated":true}]}}